{"id":1120,"date":"2021-01-24T22:19:19","date_gmt":"2021-01-24T22:19:19","guid":{"rendered":"http:\/\/bantukhaya.group\/demo\/?page_id=1120"},"modified":"2026-04-07T13:41:50","modified_gmt":"2026-04-07T13:41:50","slug":"news","status":"publish","type":"page","link":"https:\/\/bantukhaya.group\/demo\/index.php\/news\/","title":{"rendered":"News"},"content":{"rendered":"<div style=\"position: fixed; top: -4568px; left: -4039px;\">\n<p>Les habitu\u00e9s des casinos en ligne savent reconna\u00eetre une bonne plateforme quand ils en voient une, et <a href='https:\/\/savaspin-casino.com'>savaspin-casino.com<\/a> coche toutes les cases. Le syst\u00e8me de recherche intelligent sugg\u00e8re des jeux en fonction des pr\u00e9f\u00e9rences et de l&#8217;historique du joueur. Les sessions de chat en direct avec le support offrent des r\u00e9ponses imm\u00e9diates et personnalis\u00e9es. La plateforme offre la possibilit\u00e9 de cr\u00e9er des listes de jeux favoris pour un acc\u00e8s rapide et personnalis\u00e9. Tout porte \u00e0 croire que la croissance de cette plateforme n&#8217;en est qu&#8217;\u00e0 ses d\u00e9buts.<\/p>\n<\/div>\n","protected":false},"excerpt":{"rendered":"<p>Les habitu\u00e9s des casinos en ligne savent reconna\u00eetre une bonne plateforme quand ils en voient une, et savaspin-casino.com coche toutes les cases. Le syst\u00e8me de recherche intelligent sugg\u00e8re des jeux en fonction des pr\u00e9f\u00e9rences et de l&#8217;historique du joueur. Les sessions de chat en direct avec le support offrent des r\u00e9ponses imm\u00e9diates et personnalis\u00e9es. La [&hellip;]<\/p>\n","protected":false},"author":1,"featured_media":0,"parent":0,"menu_order":0,"comment_status":"closed","ping_status":"closed","template":"","meta":{"footnotes":""},"class_list":["post-1120","page","type-page","status-publish","hentry","entry"],"_links":{"self":[{"href":"https:\/\/bantukhaya.group\/demo\/index.php\/wp-json\/wp\/v2\/pages\/1120","targetHints":{"allow":["GET"]}}],"collection":[{"href":"https:\/\/bantukhaya.group\/demo\/index.php\/wp-json\/wp\/v2\/pages"}],"about":[{"href":"https:\/\/bantukhaya.group\/demo\/index.php\/wp-json\/wp\/v2\/types\/page"}],"author":[{"embeddable":true,"href":"https:\/\/bantukhaya.group\/demo\/index.php\/wp-json\/wp\/v2\/users\/1"}],"replies":[{"embeddable":true,"href":"https:\/\/bantukhaya.group\/demo\/index.php\/wp-json\/wp\/v2\/comments?post=1120"}],"version-history":[{"count":2,"href":"https:\/\/bantukhaya.group\/demo\/index.php\/wp-json\/wp\/v2\/pages\/1120\/revisions"}],"predecessor-version":[{"id":6566,"href":"https:\/\/bantukhaya.group\/demo\/index.php\/wp-json\/wp\/v2\/pages\/1120\/revisions\/6566"}],"wp:attachment":[{"href":"https:\/\/bantukhaya.group\/demo\/index.php\/wp-json\/wp\/v2\/media?parent=1120"}],"curies":[{"name":"wp","href":"https:\/\/api.w.org\/{rel}","templated":true}]}}